
{"id":1332,"date":"2016-10-31T16:29:43","date_gmt":"2016-10-31T20:29:43","guid":{"rendered":"http:\/\/micuatro.com\/acordes\/?page_id=1332"},"modified":"2016-12-25T12:25:37","modified_gmt":"2016-12-25T16:25:37","slug":"estado-de-micuatro-com","status":"publish","type":"page","link":"https:\/\/www.micuatro.com\/acordes\/preguntas-y-respuestas\/estado-de-micuatro-com\/","title":{"rendered":"Estado de micuatro.com &#8211; \u00bfqu\u00e9 est\u00e1 pasando aqu\u00ed?"},"content":{"rendered":"","protected":false},"excerpt":{"rendered":"","protected":false},"author":1,"featured_media":0,"parent":6125,"menu_order":0,"comment_status":"open","ping_status":"closed","template":"","meta":{"footnotes":""},"_links":{"self":[{"href":"https:\/\/www.micuatro.com\/acordes\/wp-json\/wp\/v2\/pages\/1332"}],"collection":[{"href":"https:\/\/www.micuatro.com\/acordes\/wp-json\/wp\/v2\/pages"}],"about":[{"href":"https:\/\/www.micuatro.com\/acordes\/wp-json\/wp\/v2\/types\/page"}],"author":[{"embeddable":true,"href":"https:\/\/www.micuatro.com\/acordes\/wp-json\/wp\/v2\/users\/1"}],"replies":[{"embeddable":true,"href":"https:\/\/www.micuatro.com\/acordes\/wp-json\/wp\/v2\/comments?post=1332"}],"version-history":[{"count":48,"href":"https:\/\/www.micuatro.com\/acordes\/wp-json\/wp\/v2\/pages\/1332\/revisions"}],"predecessor-version":[{"id":6751,"href":"https:\/\/www.micuatro.com\/acordes\/wp-json\/wp\/v2\/pages\/1332\/revisions\/6751"}],"up":[{"embeddable":true,"href":"https:\/\/www.micuatro.com\/acordes\/wp-json\/wp\/v2\/pages\/6125"}],"wp:attachment":[{"href":"https:\/\/www.micuatro.com\/acordes\/wp-json\/wp\/v2\/media?parent=1332"}],"curies":[{"name":"wp","href":"https:\/\/api.w.org\/{rel}","templated":true}]}}