
{"id":6128,"date":"2016-11-28T00:51:30","date_gmt":"2016-11-28T04:51:30","guid":{"rendered":"http:\/\/micuatro.com\/acordes\/?page_id=6128"},"modified":"2016-12-25T12:25:24","modified_gmt":"2016-12-25T16:25:24","slug":"guardar-archivos-pdf","status":"publish","type":"page","link":"https:\/\/www.micuatro.com\/acordes\/preguntas-y-respuestas\/guardar-archivos-pdf\/","title":{"rendered":"\u00bfQu\u00e9 p\u00e1sa con la opci\u00f3n de guardar archivos PDF?"},"content":{"rendered":"","protected":false},"excerpt":{"rendered":"","protected":false},"author":1,"featured_media":0,"parent":6125,"menu_order":0,"comment_status":"open","ping_status":"closed","template":"","meta":{"footnotes":""},"_links":{"self":[{"href":"https:\/\/www.micuatro.com\/acordes\/wp-json\/wp\/v2\/pages\/6128"}],"collection":[{"href":"https:\/\/www.micuatro.com\/acordes\/wp-json\/wp\/v2\/pages"}],"about":[{"href":"https:\/\/www.micuatro.com\/acordes\/wp-json\/wp\/v2\/types\/page"}],"author":[{"embeddable":true,"href":"https:\/\/www.micuatro.com\/acordes\/wp-json\/wp\/v2\/users\/1"}],"replies":[{"embeddable":true,"href":"https:\/\/www.micuatro.com\/acordes\/wp-json\/wp\/v2\/comments?post=6128"}],"version-history":[{"count":4,"href":"https:\/\/www.micuatro.com\/acordes\/wp-json\/wp\/v2\/pages\/6128\/revisions"}],"predecessor-version":[{"id":6134,"href":"https:\/\/www.micuatro.com\/acordes\/wp-json\/wp\/v2\/pages\/6128\/revisions\/6134"}],"up":[{"embeddable":true,"href":"https:\/\/www.micuatro.com\/acordes\/wp-json\/wp\/v2\/pages\/6125"}],"wp:attachment":[{"href":"https:\/\/www.micuatro.com\/acordes\/wp-json\/wp\/v2\/media?parent=6128"}],"curies":[{"name":"wp","href":"https:\/\/api.w.org\/{rel}","templated":true}]}}